{"id":5481,"date":"2022-06-27T13:58:52","date_gmt":"2022-06-27T13:58:52","guid":{"rendered":"https:\/\/www.ativ.pt\/politique-de-cookies\/"},"modified":"2022-08-26T10:29:51","modified_gmt":"2022-08-26T10:29:51","slug":"politique-de-cookies","status":"publish","type":"page","link":"https:\/\/www.ativ.pt\/fr\/politique-de-cookies\/","title":{"rendered":"Politique de Cookies"},"content":{"rendered":"\t\t<div data-elementor-type=\"wp-page\" data-elementor-id=\"5481\" class=\"elementor elementor-5481 elementor-2267\">\n\t\t\t\t\t\t<section class=\"elementor-section elementor-top-section elementor-element elementor-element-17e6515 elementor-section-boxed elementor-section-height-default elementor-section-height-default wpr-particle-no wpr-jarallax-no wpr-parallax-no wpr-sticky-section-no wpr-column-slider-no wpr-equal-height-no\" data-id=\"17e6515\" data-element_type=\"section\" data-e-type=\"section\" data-settings=\"{&quot;jet_parallax_layout_list&quot;:[],&quot;background_background&quot;:&quot;classic&quot;}\">\n\t\t\t\t\t\t<div class=\"elementor-container elementor-column-gap-default\">\n\t\t\t\t\t<div class=\"elementor-column elementor-col-100 elementor-top-column elementor-element elementor-element-defa596\" data-id=\"defa596\" data-element_type=\"column\" data-e-type=\"column\">\n\t\t\t<div class=\"elementor-widget-wrap elementor-element-populated\">\n\t\t\t\t\t\t<div class=\"elementor-element elementor-element-952d5ab elementor-widget elementor-widget-heading\" data-id=\"952d5ab\" data-element_type=\"widget\" data-e-type=\"widget\" data-widget_type=\"heading.default\">\n\t\t\t\t\t<h1 class=\"elementor-heading-title elementor-size-default\">Politique de Cookies<\/h1>\t\t\t\t<\/div>\n\t\t\t\t<div class=\"elementor-element elementor-element-b6f847f elementor-align-flex-start elementor-widget elementor-widget-raven-breadcrumbs\" data-id=\"b6f847f\" data-element_type=\"widget\" data-e-type=\"widget\" data-widget_type=\"raven-breadcrumbs.default\">\n\t\t\t\t<div class=\"elementor-widget-container\">\n\t\t\t\t\t<div class=\"raven-breadcrumbs raven-breadcrumbs-yoast\"><nav id=\"breadcrumbs\"><span><span><a href=\"https:\/\/www.ativ.pt\/fr\/\">In\u00edcio<\/a><\/span><\/span><\/nav><\/div>\t\t\t\t<\/div>\n\t\t\t\t<\/div>\n\t\t\t\t\t<\/div>\n\t\t<\/div>\n\t\t\t\t\t<\/div>\n\t\t<\/section>\n\t\t\t\t<section class=\"elementor-section elementor-top-section elementor-element elementor-element-cdefd6b elementor-section-content-middle elementor-section-boxed elementor-section-height-default elementor-section-height-default wpr-particle-no wpr-jarallax-no wpr-parallax-no wpr-sticky-section-no wpr-column-slider-no wpr-equal-height-no\" data-id=\"cdefd6b\" data-element_type=\"section\" data-e-type=\"section\" data-settings=\"{&quot;jet_parallax_layout_list&quot;:[]}\">\n\t\t\t\t\t\t<div class=\"elementor-container elementor-column-gap-default\">\n\t\t\t\t\t<div class=\"elementor-column elementor-col-100 elementor-top-column elementor-element elementor-element-4fbd50d\" data-id=\"4fbd50d\" data-element_type=\"column\" data-e-type=\"column\">\n\t\t\t<div class=\"elementor-widget-wrap elementor-element-populated\">\n\t\t\t\t\t\t<div class=\"elementor-element elementor-element-ec8afef elementor-widget elementor-widget-text-editor\" data-id=\"ec8afef\" data-element_type=\"widget\" data-e-type=\"widget\" data-widget_type=\"text-editor.default\">\n\t\t\t\t\t\t\t\t\t<p>Comme la majorit\u00e9 des grands sites Internet, pour que notre site fonctionne correctement, nous installons ponctuellement sur votre ordinateur ou votre appareil mobile de petits fichiers appel\u00e9s \u00abcookies\u00bb.<\/p>\t\t\t\t\t\t\t\t<\/div>\n\t\t\t\t<div class=\"elementor-element elementor-element-d3bfcee elementor-align-left elementor-widget elementor-widget-raven-heading\" data-id=\"d3bfcee\" data-element_type=\"widget\" data-e-type=\"widget\" data-widget_type=\"raven-heading.default\">\n\t\t\t\t<div class=\"elementor-widget-container\">\n\t\t\t\t\t\t\t<div class=\"raven-widget-wrapper\"><h3 class=\"raven-heading raven-heading-h3\"><span class=\"raven-heading-title \">Que sont les cookies ?<\/span><\/h3><\/div>\n\t\t\t\t\t\t<\/div>\n\t\t\t\t<\/div>\n\t\t\t\t<div class=\"elementor-element elementor-element-7e86f5f elementor-widget elementor-widget-text-editor\" data-id=\"7e86f5f\" data-element_type=\"widget\" data-e-type=\"widget\" data-widget_type=\"text-editor.default\">\n\t\t\t\t\t\t\t\t\t<p>Un cookie est un petit fichier texte qu\u2019un site Internet installe sur votre ordinateur ou votre appareil mobile lorsque vous le consultez. Ces fichiers permettent au site Internet de \u00ab se souvenir \u00bb de vos actions et de vos pr\u00e9f\u00e9rences pendant un certain temps, notamment votre nom d\u2019utilisateur, votre langue, la taille des caract\u00e8res et autres param\u00e8tres d\u2019affichage. C\u2019est pour cela que lorsque vous parcourez les pages d\u2019un site ou que vous revenez sur un site que vous avez d\u00e9j\u00e0 visit\u00e9, vous n\u2019avez pas besoin, en principe, d\u2019indiquer une nouvelle fois vos pr\u00e9f\u00e9rences.<\/p>\t\t\t\t\t\t\t\t<\/div>\n\t\t\t\t<div class=\"elementor-element elementor-element-36d4f5a elementor-align-left elementor-widget elementor-widget-raven-heading\" data-id=\"36d4f5a\" data-element_type=\"widget\" data-e-type=\"widget\" data-widget_type=\"raven-heading.default\">\n\t\t\t\t<div class=\"elementor-widget-container\">\n\t\t\t\t\t\t\t<div class=\"raven-widget-wrapper\"><h3 class=\"raven-heading raven-heading-h3\"><span class=\"raven-heading-title \">Comment nous utilisons les cookies? \u00c0 quoi servent les cookies ?<\/span><\/h3><\/div>\n\t\t\t\t\t\t<\/div>\n\t\t\t\t<\/div>\n\t\t\t\t<div class=\"elementor-element elementor-element-13310c7 elementor-widget elementor-widget-text-editor\" data-id=\"13310c7\" data-element_type=\"widget\" data-e-type=\"widget\" data-widget_type=\"text-editor.default\">\n\t\t\t\t\t\t\t\t\t<p>Cookies strictement n\u00e9cessaires: ils permettent aux utilisateurs de naviguer sur le site et d\u2019utiliser ses applications, ainsi que d\u2019acc\u00e9der aux zones s\u00e9curis\u00e9es du site. Sans ces cookies, les services que vous demanderiez ne pourraient \u00eatre fournis.<\/p>\t\t\t\t\t\t\t\t<\/div>\n\t\t\t\t<div class=\"elementor-element elementor-element-a9f3bd7 elementor-widget elementor-widget-text-editor\" data-id=\"a9f3bd7\" data-element_type=\"widget\" data-e-type=\"widget\" data-widget_type=\"text-editor.default\">\n\t\t\t\t\t\t\t\t\t<p>Cookies analytiques: utilis\u00e9s \u00e0 des fins de cr\u00e9ation et d\u2019analyse de statistiques, afin d\u2019am\u00e9liorer le fonctionnement de ce site;<\/p>\t\t\t\t\t\t\t\t<\/div>\n\t\t\t\t<div class=\"elementor-element elementor-element-4ec6c0b elementor-widget elementor-widget-text-editor\" data-id=\"4ec6c0b\" data-element_type=\"widget\" data-e-type=\"widget\" data-widget_type=\"text-editor.default\">\n\t\t\t\t\t\t\t\t\t<p>Cookies de fonctionnalit\u00e9: ils enregistrent vos pr\u00e9f\u00e9rences concernant l\u2019utilisation du site, afin que vous ne deviez pas les indiquer \u00e0 chaque visite.<\/p>\t\t\t\t\t\t\t\t<\/div>\n\t\t\t\t<div class=\"elementor-element elementor-element-ae37bc9 elementor-widget elementor-widget-text-editor\" data-id=\"ae37bc9\" data-element_type=\"widget\" data-e-type=\"widget\" data-widget_type=\"text-editor.default\">\n\t\t\t\t\t\t\t\t\t<p>Ce site n\u2019utilise pas de cookies de ciblage pour adresser de la <em>publicit\u00e9 cibl\u00e9e<\/em> \u00e0 nos visiteurs.<\/p>\t\t\t\t\t\t\t\t<\/div>\n\t\t\t\t<div class=\"elementor-element elementor-element-c4f2711 elementor-align-left elementor-widget elementor-widget-raven-heading\" data-id=\"c4f2711\" data-element_type=\"widget\" data-e-type=\"widget\" data-widget_type=\"raven-heading.default\">\n\t\t\t\t<div class=\"elementor-widget-container\">\n\t\t\t\t\t\t\t<div class=\"raven-widget-wrapper\"><h3 class=\"raven-heading raven-heading-h3\"><span class=\"raven-heading-title \">Comment contr\u00f4ler les cookies<\/span><\/h3><\/div>\n\t\t\t\t\t\t<\/div>\n\t\t\t\t<\/div>\n\t\t\t\t<div class=\"elementor-element elementor-element-964be70 elementor-widget elementor-widget-text-editor\" data-id=\"964be70\" data-element_type=\"widget\" data-e-type=\"widget\" data-widget_type=\"text-editor.default\">\n\t\t\t\t\t\t\t\t\t<p>Vous pouvez contr\u00f4ler et\/ou supprimer les cookies selon votre convenance. Pour plus d\u2019informations, consultez www.aboutcookies.org. Vous pouvez supprimer tous les cookies d\u00e9j\u00e0 install\u00e9s sur votre ordinateur ou votre appareil mobile ou activer une option disponible sur la plupart des navigateurs qui emp\u00eache leur installation. Mais dans ce cas, il se peut que vous deviez configurer manuellement certaines pr\u00e9f\u00e9rences \u00e0 chaque fois que vous consultez le site et vous courez le risque de d\u00e9sactiver certains services et fonctionnalit\u00e9s.<\/p>\t\t\t\t\t\t\t\t<\/div>\n\t\t\t\t\t<\/div>\n\t\t<\/div>\n\t\t\t\t\t<\/div>\n\t\t<\/section>\n\t\t\t\t<\/div>\n\t\t","protected":false},"excerpt":{"rendered":"<p>In\u00edcio Comme la majorit\u00e9 des grands sites Internet, pour que notre site fonctionne correctement, nous installons ponctuellement sur votre ordinateur ou votre appareil mobile de petits fichiers appel\u00e9s \u00abcookies\u00bb. Que sont les cookies ? Un cookie est un petit fichier texte qu\u2019un site Internet installe sur votre ordinateur ou votre appareil mobile lorsque vous le consultez. Ces fichiers permettent au site Internet de \u00ab se souvenir \u00bb de vos actions et de vos pr\u00e9f\u00e9rences pendant un certain temps, notamment votre nom d\u2019utilisateur, votre langue, la taille des caract\u00e8res et autres param\u00e8tres d\u2019affichage. C\u2019est pour cela que lorsque vous parcourez les pages d\u2019un site ou que vous revenez sur un site que vous avez d\u00e9j\u00e0 visit\u00e9, vous n\u2019avez pas besoin, en principe, d\u2019indiquer une nouvelle fois vos pr\u00e9f\u00e9rences. Comment nous utilisons les cookies? \u00c0 quoi servent les cookies ? Cookies strictement n\u00e9cessaires: ils permettent aux utilisateurs de naviguer sur le site et d\u2019utiliser ses applications, ainsi que d\u2019acc\u00e9der aux zones s\u00e9curis\u00e9es du site. Sans ces cookies, les services que vous demanderiez ne pourraient \u00eatre fournis. Cookies analytiques: utilis\u00e9s \u00e0 des fins de cr\u00e9ation et d\u2019analyse de statistiques, afin d\u2019am\u00e9liorer le fonctionnement de ce site; Cookies de fonctionnalit\u00e9: ils enregistrent vos pr\u00e9f\u00e9rences concernant l\u2019utilisation du site, afin que vous ne deviez pas les indiquer \u00e0 chaque visite. Ce site n\u2019utilise pas de cookies de ciblage pour adresser de la publicit\u00e9 cibl\u00e9e \u00e0 nos visiteurs. Comment contr\u00f4ler les cookies Vous pouvez contr\u00f4ler et\/ou supprimer les cookies selon votre convenance. Pour plus d\u2019informations, consultez www.aboutcookies.org. Vous pouvez supprimer tous les cookies d\u00e9j\u00e0 install\u00e9s sur votre ordinateur ou votre appareil mobile ou activer une option disponible sur la plupart des navigateurs qui emp\u00eache leur installation. Mais dans ce cas, il se peut que vous deviez configurer manuellement certaines pr\u00e9f\u00e9rences \u00e0 chaque fois que vous consultez le site et vous courez le risque de d\u00e9sactiver certains services et fonctionnalit\u00e9s.<\/p>\n","protected":false},"author":1,"featured_media":0,"parent":0,"menu_order":21,"comment_status":"closed","ping_status":"closed","template":"elementor_header_footer","meta":{"_acf_changed":false,"footnotes":""},"class_list":["post-5481","page","type-page","status-publish","hentry"],"acf":[],"yoast_head":"<!-- This site is optimized with the Yoast SEO plugin v27.5 - https:\/\/yoast.com\/product\/yoast-seo-wordpress\/ -->\n<title>Politique de Cookies - Mota-Engil ATIV<\/title>\n<meta name=\"robots\" content=\"index, follow, max-snippet:-1, max-image-preview:large, max-video-preview:-1\" \/>\n<link rel=\"canonical\" href=\"https:\/\/www.ativ.pt\/fr\/politique-de-cookies\/\" \/>\n<meta property=\"og:locale\" content=\"fr_FR\" \/>\n<meta property=\"og:type\" content=\"article\" \/>\n<meta property=\"og:title\" content=\"Politique de Cookies - Mota-Engil ATIV\" \/>\n<meta property=\"og:description\" content=\"In\u00edcio Comme la majorit\u00e9 des grands sites Internet, pour que notre site fonctionne correctement, nous installons ponctuellement sur votre ordinateur ou votre appareil mobile de petits fichiers appel\u00e9s \u00abcookies\u00bb. Que sont les cookies ? Un cookie est un petit fichier texte qu\u2019un site Internet installe sur votre ordinateur ou votre appareil mobile lorsque vous le consultez. Ces fichiers permettent au site Internet de \u00ab se souvenir \u00bb de vos actions et de vos pr\u00e9f\u00e9rences pendant un certain temps, notamment votre nom d\u2019utilisateur, votre langue, la taille des caract\u00e8res et autres param\u00e8tres d\u2019affichage. C\u2019est pour cela que lorsque vous parcourez les pages d\u2019un site ou que vous revenez sur un site que vous avez d\u00e9j\u00e0 visit\u00e9, vous n\u2019avez pas besoin, en principe, d\u2019indiquer une nouvelle fois vos pr\u00e9f\u00e9rences. Comment nous utilisons les cookies? \u00c0 quoi servent les cookies ? Cookies strictement n\u00e9cessaires: ils permettent aux utilisateurs de naviguer sur le site et d\u2019utiliser ses applications, ainsi que d\u2019acc\u00e9der aux zones s\u00e9curis\u00e9es du site. Sans ces cookies, les services que vous demanderiez ne pourraient \u00eatre fournis. Cookies analytiques: utilis\u00e9s \u00e0 des fins de cr\u00e9ation et d\u2019analyse de statistiques, afin d\u2019am\u00e9liorer le fonctionnement de ce site; Cookies de fonctionnalit\u00e9: ils enregistrent vos pr\u00e9f\u00e9rences concernant l\u2019utilisation du site, afin que vous ne deviez pas les indiquer \u00e0 chaque visite. Ce site n\u2019utilise pas de cookies de ciblage pour adresser de la publicit\u00e9 cibl\u00e9e \u00e0 nos visiteurs. Comment contr\u00f4ler les cookies Vous pouvez contr\u00f4ler et\/ou supprimer les cookies selon votre convenance. Pour plus d\u2019informations, consultez www.aboutcookies.org. Vous pouvez supprimer tous les cookies d\u00e9j\u00e0 install\u00e9s sur votre ordinateur ou votre appareil mobile ou activer une option disponible sur la plupart des navigateurs qui emp\u00eache leur installation. Mais dans ce cas, il se peut que vous deviez configurer manuellement certaines pr\u00e9f\u00e9rences \u00e0 chaque fois que vous consultez le site et vous courez le risque de d\u00e9sactiver certains services et fonctionnalit\u00e9s.\" \/>\n<meta property=\"og:url\" content=\"https:\/\/www.ativ.pt\/fr\/politique-de-cookies\/\" \/>\n<meta property=\"og:site_name\" content=\"Mota-Engil ATIV\" \/>\n<meta property=\"article:publisher\" content=\"https:\/\/www.facebook.com\/MotaEngilATIV\/\" \/>\n<meta property=\"article:modified_time\" content=\"2022-08-26T10:29:51+00:00\" \/>\n<meta name=\"twitter:card\" content=\"summary_large_image\" \/>\n<meta name=\"twitter:label1\" content=\"Dur\u00e9e de lecture estim\u00e9e\" \/>\n\t<meta name=\"twitter:data1\" content=\"2 minutes\" \/>\n<script type=\"application\/ld+json\" class=\"yoast-schema-graph\">{\"@context\":\"https:\\\/\\\/schema.org\",\"@graph\":[{\"@type\":\"WebPage\",\"@id\":\"https:\\\/\\\/www.ativ.pt\\\/fr\\\/politique-de-cookies\\\/\",\"url\":\"https:\\\/\\\/www.ativ.pt\\\/fr\\\/politique-de-cookies\\\/\",\"name\":\"Politique de Cookies - Mota-Engil ATIV\",\"isPartOf\":{\"@id\":\"https:\\\/\\\/www.ativ.pt\\\/fr\\\/#website\"},\"datePublished\":\"2022-06-27T13:58:52+00:00\",\"dateModified\":\"2022-08-26T10:29:51+00:00\",\"breadcrumb\":{\"@id\":\"https:\\\/\\\/www.ativ.pt\\\/fr\\\/politique-de-cookies\\\/#breadcrumb\"},\"inLanguage\":\"fr-FR\",\"potentialAction\":[{\"@type\":\"ReadAction\",\"target\":[\"https:\\\/\\\/www.ativ.pt\\\/fr\\\/politique-de-cookies\\\/\"]}]},{\"@type\":\"BreadcrumbList\",\"@id\":\"https:\\\/\\\/www.ativ.pt\\\/fr\\\/politique-de-cookies\\\/#breadcrumb\",\"itemListElement\":[{\"@type\":\"ListItem\",\"position\":1,\"name\":\"In\u00edcio\",\"item\":\"https:\\\/\\\/www.ativ.pt\\\/fr\\\/\"},{\"@type\":\"ListItem\",\"position\":2,\"name\":\"Politique de Cookies\"}]},{\"@type\":\"WebSite\",\"@id\":\"https:\\\/\\\/www.ativ.pt\\\/fr\\\/#website\",\"url\":\"https:\\\/\\\/www.ativ.pt\\\/fr\\\/\",\"name\":\"Mota-Engil ATIV\",\"description\":\"Gest\u00e3o e Manuten\u00e7\u00e3o de Ativos\",\"publisher\":{\"@id\":\"https:\\\/\\\/www.ativ.pt\\\/fr\\\/#organization\"},\"potentialAction\":[{\"@type\":\"SearchAction\",\"target\":{\"@type\":\"EntryPoint\",\"urlTemplate\":\"https:\\\/\\\/www.ativ.pt\\\/fr\\\/?s={search_term_string}\"},\"query-input\":{\"@type\":\"PropertyValueSpecification\",\"valueRequired\":true,\"valueName\":\"search_term_string\"}}],\"inLanguage\":\"fr-FR\"},{\"@type\":\"Organization\",\"@id\":\"https:\\\/\\\/www.ativ.pt\\\/fr\\\/#organization\",\"name\":\"Mota-Engil ATIV\",\"url\":\"https:\\\/\\\/www.ativ.pt\\\/fr\\\/\",\"logo\":{\"@type\":\"ImageObject\",\"inLanguage\":\"fr-FR\",\"@id\":\"https:\\\/\\\/www.ativ.pt\\\/fr\\\/#\\\/schema\\\/logo\\\/image\\\/\",\"url\":\"https:\\\/\\\/www.ativ.pt\\\/wp-content\\\/uploads\\\/2022\\\/04\\\/logo-ativ-cor-1.svg\",\"contentUrl\":\"https:\\\/\\\/www.ativ.pt\\\/wp-content\\\/uploads\\\/2022\\\/04\\\/logo-ativ-cor-1.svg\",\"width\":250,\"height\":100,\"caption\":\"Mota-Engil ATIV\"},\"image\":{\"@id\":\"https:\\\/\\\/www.ativ.pt\\\/fr\\\/#\\\/schema\\\/logo\\\/image\\\/\"},\"sameAs\":[\"https:\\\/\\\/www.facebook.com\\\/MotaEngilATIV\\\/\",\"https:\\\/\\\/www.instagram.com\\\/mota_engil_ativ\\\/\",\"https:\\\/\\\/www.linkedin.com\\\/company\\\/motaengil-ativ\"]}]}<\/script>\n<!-- \/ Yoast SEO plugin. -->","yoast_head_json":{"title":"Politique de Cookies - Mota-Engil ATIV","robots":{"index":"index","follow":"follow","max-snippet":"max-snippet:-1","max-image-preview":"max-image-preview:large","max-video-preview":"max-video-preview:-1"},"canonical":"https:\/\/www.ativ.pt\/fr\/politique-de-cookies\/","og_locale":"fr_FR","og_type":"article","og_title":"Politique de Cookies - Mota-Engil ATIV","og_description":"In\u00edcio Comme la majorit\u00e9 des grands sites Internet, pour que notre site fonctionne correctement, nous installons ponctuellement sur votre ordinateur ou votre appareil mobile de petits fichiers appel\u00e9s \u00abcookies\u00bb. Que sont les cookies ? Un cookie est un petit fichier texte qu\u2019un site Internet installe sur votre ordinateur ou votre appareil mobile lorsque vous le consultez. Ces fichiers permettent au site Internet de \u00ab se souvenir \u00bb de vos actions et de vos pr\u00e9f\u00e9rences pendant un certain temps, notamment votre nom d\u2019utilisateur, votre langue, la taille des caract\u00e8res et autres param\u00e8tres d\u2019affichage. C\u2019est pour cela que lorsque vous parcourez les pages d\u2019un site ou que vous revenez sur un site que vous avez d\u00e9j\u00e0 visit\u00e9, vous n\u2019avez pas besoin, en principe, d\u2019indiquer une nouvelle fois vos pr\u00e9f\u00e9rences. Comment nous utilisons les cookies? \u00c0 quoi servent les cookies ? Cookies strictement n\u00e9cessaires: ils permettent aux utilisateurs de naviguer sur le site et d\u2019utiliser ses applications, ainsi que d\u2019acc\u00e9der aux zones s\u00e9curis\u00e9es du site. Sans ces cookies, les services que vous demanderiez ne pourraient \u00eatre fournis. Cookies analytiques: utilis\u00e9s \u00e0 des fins de cr\u00e9ation et d\u2019analyse de statistiques, afin d\u2019am\u00e9liorer le fonctionnement de ce site; Cookies de fonctionnalit\u00e9: ils enregistrent vos pr\u00e9f\u00e9rences concernant l\u2019utilisation du site, afin que vous ne deviez pas les indiquer \u00e0 chaque visite. Ce site n\u2019utilise pas de cookies de ciblage pour adresser de la publicit\u00e9 cibl\u00e9e \u00e0 nos visiteurs. Comment contr\u00f4ler les cookies Vous pouvez contr\u00f4ler et\/ou supprimer les cookies selon votre convenance. Pour plus d\u2019informations, consultez www.aboutcookies.org. Vous pouvez supprimer tous les cookies d\u00e9j\u00e0 install\u00e9s sur votre ordinateur ou votre appareil mobile ou activer une option disponible sur la plupart des navigateurs qui emp\u00eache leur installation. Mais dans ce cas, il se peut que vous deviez configurer manuellement certaines pr\u00e9f\u00e9rences \u00e0 chaque fois que vous consultez le site et vous courez le risque de d\u00e9sactiver certains services et fonctionnalit\u00e9s.","og_url":"https:\/\/www.ativ.pt\/fr\/politique-de-cookies\/","og_site_name":"Mota-Engil ATIV","article_publisher":"https:\/\/www.facebook.com\/MotaEngilATIV\/","article_modified_time":"2022-08-26T10:29:51+00:00","twitter_card":"summary_large_image","twitter_misc":{"Dur\u00e9e de lecture estim\u00e9e":"2 minutes"},"schema":{"@context":"https:\/\/schema.org","@graph":[{"@type":"WebPage","@id":"https:\/\/www.ativ.pt\/fr\/politique-de-cookies\/","url":"https:\/\/www.ativ.pt\/fr\/politique-de-cookies\/","name":"Politique de Cookies - Mota-Engil ATIV","isPartOf":{"@id":"https:\/\/www.ativ.pt\/fr\/#website"},"datePublished":"2022-06-27T13:58:52+00:00","dateModified":"2022-08-26T10:29:51+00:00","breadcrumb":{"@id":"https:\/\/www.ativ.pt\/fr\/politique-de-cookies\/#breadcrumb"},"inLanguage":"fr-FR","potentialAction":[{"@type":"ReadAction","target":["https:\/\/www.ativ.pt\/fr\/politique-de-cookies\/"]}]},{"@type":"BreadcrumbList","@id":"https:\/\/www.ativ.pt\/fr\/politique-de-cookies\/#breadcrumb","itemListElement":[{"@type":"ListItem","position":1,"name":"In\u00edcio","item":"https:\/\/www.ativ.pt\/fr\/"},{"@type":"ListItem","position":2,"name":"Politique de Cookies"}]},{"@type":"WebSite","@id":"https:\/\/www.ativ.pt\/fr\/#website","url":"https:\/\/www.ativ.pt\/fr\/","name":"Mota-Engil ATIV","description":"Gest\u00e3o e Manuten\u00e7\u00e3o de Ativos","publisher":{"@id":"https:\/\/www.ativ.pt\/fr\/#organization"},"potentialAction":[{"@type":"SearchAction","target":{"@type":"EntryPoint","urlTemplate":"https:\/\/www.ativ.pt\/fr\/?s={search_term_string}"},"query-input":{"@type":"PropertyValueSpecification","valueRequired":true,"valueName":"search_term_string"}}],"inLanguage":"fr-FR"},{"@type":"Organization","@id":"https:\/\/www.ativ.pt\/fr\/#organization","name":"Mota-Engil ATIV","url":"https:\/\/www.ativ.pt\/fr\/","logo":{"@type":"ImageObject","inLanguage":"fr-FR","@id":"https:\/\/www.ativ.pt\/fr\/#\/schema\/logo\/image\/","url":"https:\/\/www.ativ.pt\/wp-content\/uploads\/2022\/04\/logo-ativ-cor-1.svg","contentUrl":"https:\/\/www.ativ.pt\/wp-content\/uploads\/2022\/04\/logo-ativ-cor-1.svg","width":250,"height":100,"caption":"Mota-Engil ATIV"},"image":{"@id":"https:\/\/www.ativ.pt\/fr\/#\/schema\/logo\/image\/"},"sameAs":["https:\/\/www.facebook.com\/MotaEngilATIV\/","https:\/\/www.instagram.com\/mota_engil_ativ\/","https:\/\/www.linkedin.com\/company\/motaengil-ativ"]}]}},"_links":{"self":[{"href":"https:\/\/www.ativ.pt\/fr\/wp-json\/wp\/v2\/pages\/5481","targetHints":{"allow":["GET"]}}],"collection":[{"href":"https:\/\/www.ativ.pt\/fr\/wp-json\/wp\/v2\/pages"}],"about":[{"href":"https:\/\/www.ativ.pt\/fr\/wp-json\/wp\/v2\/types\/page"}],"author":[{"embeddable":true,"href":"https:\/\/www.ativ.pt\/fr\/wp-json\/wp\/v2\/users\/1"}],"replies":[{"embeddable":true,"href":"https:\/\/www.ativ.pt\/fr\/wp-json\/wp\/v2\/comments?post=5481"}],"version-history":[{"count":1,"href":"https:\/\/www.ativ.pt\/fr\/wp-json\/wp\/v2\/pages\/5481\/revisions"}],"predecessor-version":[{"id":5482,"href":"https:\/\/www.ativ.pt\/fr\/wp-json\/wp\/v2\/pages\/5481\/revisions\/5482"}],"wp:attachment":[{"href":"https:\/\/www.ativ.pt\/fr\/wp-json\/wp\/v2\/media?parent=5481"}],"curies":[{"name":"wp","href":"https:\/\/api.w.org\/{rel}","templated":true}]}}