{"id":5299,"date":"2022-06-27T13:58:52","date_gmt":"2022-06-27T13:58:52","guid":{"rendered":"https:\/\/www.ativ.pt\/politica-de-cookies\/"},"modified":"2022-08-25T14:25:07","modified_gmt":"2022-08-25T14:25:07","slug":"politica-de-cookies","status":"publish","type":"page","link":"https:\/\/www.ativ.pt\/es\/politica-de-cookies\/","title":{"rendered":"Pol\u00edtica de Cookies"},"content":{"rendered":"\t\t<div data-elementor-type=\"wp-page\" data-elementor-id=\"5299\" class=\"elementor elementor-5299 elementor-2267\">\n\t\t\t\t\t\t<section class=\"elementor-section elementor-top-section elementor-element elementor-element-17e6515 elementor-section-boxed elementor-section-height-default elementor-section-height-default wpr-particle-no wpr-jarallax-no wpr-parallax-no wpr-sticky-section-no wpr-equal-height-no\" data-id=\"17e6515\" data-element_type=\"section\" data-e-type=\"section\" data-settings=\"{&quot;jet_parallax_layout_list&quot;:[],&quot;background_background&quot;:&quot;classic&quot;}\">\n\t\t\t\t\t\t<div class=\"elementor-container elementor-column-gap-default\">\n\t\t\t\t\t<div class=\"elementor-column elementor-col-100 elementor-top-column elementor-element elementor-element-defa596\" data-id=\"defa596\" data-element_type=\"column\" data-e-type=\"column\">\n\t\t\t<div class=\"elementor-widget-wrap elementor-element-populated\">\n\t\t\t\t\t\t<div class=\"elementor-element elementor-element-952d5ab elementor-widget elementor-widget-heading\" data-id=\"952d5ab\" data-element_type=\"widget\" data-e-type=\"widget\" data-widget_type=\"heading.default\">\n\t\t\t\t\t<h1 class=\"elementor-heading-title elementor-size-default\">Pol\u00edtica de Cookies<\/h1>\t\t\t\t<\/div>\n\t\t\t\t<div class=\"elementor-element elementor-element-b6f847f elementor-align-flex-start elementor-widget elementor-widget-raven-breadcrumbs\" data-id=\"b6f847f\" data-element_type=\"widget\" data-e-type=\"widget\" data-widget_type=\"raven-breadcrumbs.default\">\n\t\t\t\t<div class=\"elementor-widget-container\">\n\t\t\t\t\t<div class=\"raven-breadcrumbs raven-breadcrumbs-yoast\"><nav id=\"breadcrumbs\"><span><span><a href=\"https:\/\/www.ativ.pt\/es\/\">In\u00edcio<\/a><\/span><\/span><\/nav><\/div>\t\t\t\t<\/div>\n\t\t\t\t<\/div>\n\t\t\t\t\t<\/div>\n\t\t<\/div>\n\t\t\t\t\t<\/div>\n\t\t<\/section>\n\t\t\t\t<section class=\"elementor-section elementor-top-section elementor-element elementor-element-cdefd6b elementor-section-content-middle elementor-section-boxed elementor-section-height-default elementor-section-height-default wpr-particle-no wpr-jarallax-no wpr-parallax-no wpr-sticky-section-no wpr-equal-height-no\" data-id=\"cdefd6b\" data-element_type=\"section\" data-e-type=\"section\" data-settings=\"{&quot;jet_parallax_layout_list&quot;:[]}\">\n\t\t\t\t\t\t<div class=\"elementor-container elementor-column-gap-default\">\n\t\t\t\t\t<div class=\"elementor-column elementor-col-100 elementor-top-column elementor-element elementor-element-4fbd50d\" data-id=\"4fbd50d\" data-element_type=\"column\" data-e-type=\"column\">\n\t\t\t<div class=\"elementor-widget-wrap elementor-element-populated\">\n\t\t\t\t\t\t<div class=\"elementor-element elementor-element-ec8afef elementor-widget elementor-widget-text-editor\" data-id=\"ec8afef\" data-element_type=\"widget\" data-e-type=\"widget\" data-widget_type=\"text-editor.default\">\n\t\t\t\t\t\t\t\t\t<p>Como la mayor\u00eda de los grandes sitios web, para que nuestro sitio funcione correctamente, de forma puntual instalamos peque\u00f1os archivos llamados cookies en su ordenador o dispositivo m\u00f3vil.<\/p>\t\t\t\t\t\t\t\t<\/div>\n\t\t\t\t<div class=\"elementor-element elementor-element-d3bfcee elementor-align-left elementor-widget elementor-widget-raven-heading\" data-id=\"d3bfcee\" data-element_type=\"widget\" data-e-type=\"widget\" data-widget_type=\"raven-heading.default\">\n\t\t\t\t<div class=\"elementor-widget-container\">\n\t\t\t\t\t\t\t<div class=\"raven-widget-wrapper\"><h3 class=\"raven-heading raven-heading-h3\"><span class=\"raven-heading-title \">\u00bfQu\u00e9 son las cookies?<\/span><\/h3><\/div>\n\t\t\t\t\t\t<\/div>\n\t\t\t\t<\/div>\n\t\t\t\t<div class=\"elementor-element elementor-element-7e86f5f elementor-widget elementor-widget-text-editor\" data-id=\"7e86f5f\" data-element_type=\"widget\" data-e-type=\"widget\" data-widget_type=\"text-editor.default\">\n\t\t\t\t\t\t\t\t\t<p>Una cookie es un peque\u00f1o archivo de texto que un sitio web instala en su ordenador o dispositivo m\u00f3vil cuando lo visita. Estos archivos permiten que el sitio web \u00abrecuerde\u00bb sus acciones y preferencias durante un determinado per\u00edodo de tiempo, como su nombre de usuario, el idioma elegido, el tama\u00f1o de la letra y otros ajustes de visualizaci\u00f3n. Por eso, cuando usted recorre las p\u00e1ginas de un sitio o vuelve a un sitio que ya ha visitado, en principio no tiene que volver a introducir sus preferencias.<\/p>\t\t\t\t\t\t\t\t<\/div>\n\t\t\t\t<div class=\"elementor-element elementor-element-36d4f5a elementor-align-left elementor-widget elementor-widget-raven-heading\" data-id=\"36d4f5a\" data-element_type=\"widget\" data-e-type=\"widget\" data-widget_type=\"raven-heading.default\">\n\t\t\t\t<div class=\"elementor-widget-container\">\n\t\t\t\t\t\t\t<div class=\"raven-widget-wrapper\"><h3 class=\"raven-heading raven-heading-h3\"><span class=\"raven-heading-title \">\u00bfC\u00f3mo utilizamos las cookies? \u00bfPara qu\u00e9 sirven las cookies?<\/span><\/h3><\/div>\n\t\t\t\t\t\t<\/div>\n\t\t\t\t<\/div>\n\t\t\t\t<div class=\"elementor-element elementor-element-13310c7 elementor-widget elementor-widget-text-editor\" data-id=\"13310c7\" data-element_type=\"widget\" data-e-type=\"widget\" data-widget_type=\"text-editor.default\">\n\t\t\t\t\t\t\t\t\t<p>Cookies estrictamente necesarias: permiten que los usuarios naveguen por el sitio y utilicen sus aplicaciones, as\u00ed como accedan a zonas seguras del sitio. Sin estas cookies no se pueden prestar los servicios que usted ha solicitado.<\/p>\t\t\t\t\t\t\t\t<\/div>\n\t\t\t\t<div class=\"elementor-element elementor-element-a9f3bd7 elementor-widget elementor-widget-text-editor\" data-id=\"a9f3bd7\" data-element_type=\"widget\" data-e-type=\"widget\" data-widget_type=\"text-editor.default\">\n\t\t\t\t\t\t\t\t\t<p>Cookies anal\u00edticas: se utilizan para crear y analizar estad\u00edsticas con el fin de mejorar el funcionamiento de este sitio.<\/p>\t\t\t\t\t\t\t\t<\/div>\n\t\t\t\t<div class=\"elementor-element elementor-element-4ec6c0b elementor-widget elementor-widget-text-editor\" data-id=\"4ec6c0b\" data-element_type=\"widget\" data-e-type=\"widget\" data-widget_type=\"text-editor.default\">\n\t\t\t\t\t\t\t\t\t<p>Cookies de funcionalidad: almacenan sus preferencias de uso del sitio, para que no tenga que volver configurar el sitio cada vez que lo visite.<\/p>\t\t\t\t\t\t\t\t<\/div>\n\t\t\t\t<div class=\"elementor-element elementor-element-ae37bc9 elementor-widget elementor-widget-text-editor\" data-id=\"ae37bc9\" data-element_type=\"widget\" data-e-type=\"widget\" data-widget_type=\"text-editor.default\">\n\t\t\t\t\t\t\t\t\t<p>Este sitio no utiliza <em>targeting<\/em> Cookies para promover publicidad dirigida a nuestros visitantes.<\/p>\t\t\t\t\t\t\t\t<\/div>\n\t\t\t\t<div class=\"elementor-element elementor-element-c4f2711 elementor-align-left elementor-widget elementor-widget-raven-heading\" data-id=\"c4f2711\" data-element_type=\"widget\" data-e-type=\"widget\" data-widget_type=\"raven-heading.default\">\n\t\t\t\t<div class=\"elementor-widget-container\">\n\t\t\t\t\t\t\t<div class=\"raven-widget-wrapper\"><h3 class=\"raven-heading raven-heading-h3\"><span class=\"raven-heading-title \">C\u00f3mo controlar las cookies<\/span><\/h3><\/div>\n\t\t\t\t\t\t<\/div>\n\t\t\t\t<\/div>\n\t\t\t\t<div class=\"elementor-element elementor-element-964be70 elementor-widget elementor-widget-text-editor\" data-id=\"964be70\" data-element_type=\"widget\" data-e-type=\"widget\" data-widget_type=\"text-editor.default\">\n\t\t\t\t\t\t\t\t\t<p>Usted puede controlar y\/o eliminar las cookies que desee. Para m\u00e1s informaci\u00f3n, consulte aboutcookies.org. Puede eliminar todas las cookies ya instaladas en su ordenador o dispositivo m\u00f3vil, o activar una opci\u00f3n disponible en la mayor\u00eda de los navegadores que impide su instalaci\u00f3n. Pero si lo hace, es posible que tenga que configurar manualmente algunas preferencias cada vez que visite el sitio y corre el riesgo de desactivar ciertos servicios y funciones.<\/p>\t\t\t\t\t\t\t\t<\/div>\n\t\t\t\t\t<\/div>\n\t\t<\/div>\n\t\t\t\t\t<\/div>\n\t\t<\/section>\n\t\t\t\t<\/div>\n\t\t","protected":false},"excerpt":{"rendered":"<p>In\u00edcio Como la mayor\u00eda de los grandes sitios web, para que nuestro sitio funcione correctamente, de forma puntual instalamos peque\u00f1os archivos llamados cookies en su ordenador o dispositivo m\u00f3vil. \u00bfQu\u00e9 son las cookies? Una cookie es un peque\u00f1o archivo de texto que un sitio web instala en su ordenador o dispositivo m\u00f3vil cuando lo visita. Estos archivos permiten que el sitio web \u00abrecuerde\u00bb sus acciones y preferencias durante un determinado per\u00edodo de tiempo, como su nombre de usuario, el idioma elegido, el tama\u00f1o de la letra y otros ajustes de visualizaci\u00f3n. Por eso, cuando usted recorre las p\u00e1ginas de un sitio o vuelve a un sitio que ya ha visitado, en principio no tiene que volver a introducir sus preferencias. \u00bfC\u00f3mo utilizamos las cookies? \u00bfPara qu\u00e9 sirven las cookies? Cookies estrictamente necesarias: permiten que los usuarios naveguen por el sitio y utilicen sus aplicaciones, as\u00ed como accedan a zonas seguras del sitio. Sin estas cookies no se pueden prestar los servicios que usted ha solicitado. Cookies anal\u00edticas: se utilizan para crear y analizar estad\u00edsticas con el fin de mejorar el funcionamiento de este sitio. Cookies de funcionalidad: almacenan sus preferencias de uso del sitio, para que no tenga que volver configurar el sitio cada vez que lo visite. Este sitio no utiliza targeting Cookies para promover publicidad dirigida a nuestros visitantes. C\u00f3mo controlar las cookies Usted puede controlar y\/o eliminar las cookies que desee. Para m\u00e1s informaci\u00f3n, consulte aboutcookies.org. Puede eliminar todas las cookies ya instaladas en su ordenador o dispositivo m\u00f3vil, o activar una opci\u00f3n disponible en la mayor\u00eda de los navegadores que impide su instalaci\u00f3n. Pero si lo hace, es posible que tenga que configurar manualmente algunas preferencias cada vez que visite el sitio y corre el riesgo de desactivar ciertos servicios y funciones.<\/p>\n","protected":false},"author":1,"featured_media":0,"parent":0,"menu_order":21,"comment_status":"closed","ping_status":"closed","template":"elementor_header_footer","meta":{"_acf_changed":false,"footnotes":""},"class_list":["post-5299","page","type-page","status-publish","hentry"],"acf":[],"yoast_head":"<!-- This site is optimized with the Yoast SEO plugin v27.5 - https:\/\/yoast.com\/product\/yoast-seo-wordpress\/ -->\n<title>Pol\u00edtica de Cookies - Mota-Engil ATIV<\/title>\n<meta name=\"robots\" content=\"index, follow, max-snippet:-1, max-image-preview:large, max-video-preview:-1\" \/>\n<link rel=\"canonical\" href=\"https:\/\/www.ativ.pt\/es\/politica-de-cookies\/\" \/>\n<meta property=\"og:locale\" content=\"es_ES\" \/>\n<meta property=\"og:type\" content=\"article\" \/>\n<meta property=\"og:title\" content=\"Pol\u00edtica de Cookies - Mota-Engil ATIV\" \/>\n<meta property=\"og:description\" content=\"In\u00edcio Como la mayor\u00eda de los grandes sitios web, para que nuestro sitio funcione correctamente, de forma puntual instalamos peque\u00f1os archivos llamados cookies en su ordenador o dispositivo m\u00f3vil. \u00bfQu\u00e9 son las cookies? Una cookie es un peque\u00f1o archivo de texto que un sitio web instala en su ordenador o dispositivo m\u00f3vil cuando lo visita. Estos archivos permiten que el sitio web \u00abrecuerde\u00bb sus acciones y preferencias durante un determinado per\u00edodo de tiempo, como su nombre de usuario, el idioma elegido, el tama\u00f1o de la letra y otros ajustes de visualizaci\u00f3n. Por eso, cuando usted recorre las p\u00e1ginas de un sitio o vuelve a un sitio que ya ha visitado, en principio no tiene que volver a introducir sus preferencias. \u00bfC\u00f3mo utilizamos las cookies? \u00bfPara qu\u00e9 sirven las cookies? Cookies estrictamente necesarias: permiten que los usuarios naveguen por el sitio y utilicen sus aplicaciones, as\u00ed como accedan a zonas seguras del sitio. Sin estas cookies no se pueden prestar los servicios que usted ha solicitado. Cookies anal\u00edticas: se utilizan para crear y analizar estad\u00edsticas con el fin de mejorar el funcionamiento de este sitio. Cookies de funcionalidad: almacenan sus preferencias de uso del sitio, para que no tenga que volver configurar el sitio cada vez que lo visite. Este sitio no utiliza targeting Cookies para promover publicidad dirigida a nuestros visitantes. C\u00f3mo controlar las cookies Usted puede controlar y\/o eliminar las cookies que desee. Para m\u00e1s informaci\u00f3n, consulte aboutcookies.org. Puede eliminar todas las cookies ya instaladas en su ordenador o dispositivo m\u00f3vil, o activar una opci\u00f3n disponible en la mayor\u00eda de los navegadores que impide su instalaci\u00f3n. Pero si lo hace, es posible que tenga que configurar manualmente algunas preferencias cada vez que visite el sitio y corre el riesgo de desactivar ciertos servicios y funciones.\" \/>\n<meta property=\"og:url\" content=\"https:\/\/www.ativ.pt\/es\/politica-de-cookies\/\" \/>\n<meta property=\"og:site_name\" content=\"Mota-Engil ATIV\" \/>\n<meta property=\"article:publisher\" content=\"https:\/\/www.facebook.com\/MotaEngilATIV\/\" \/>\n<meta property=\"article:modified_time\" content=\"2022-08-25T14:25:07+00:00\" \/>\n<meta name=\"twitter:card\" content=\"summary_large_image\" \/>\n<meta name=\"twitter:label1\" content=\"Tiempo de lectura\" \/>\n\t<meta name=\"twitter:data1\" content=\"2 minutos\" \/>\n<script type=\"application\/ld+json\" class=\"yoast-schema-graph\">{\"@context\":\"https:\\\/\\\/schema.org\",\"@graph\":[{\"@type\":\"WebPage\",\"@id\":\"https:\\\/\\\/www.ativ.pt\\\/es\\\/politica-de-cookies\\\/\",\"url\":\"https:\\\/\\\/www.ativ.pt\\\/es\\\/politica-de-cookies\\\/\",\"name\":\"Pol\u00edtica de Cookies - Mota-Engil ATIV\",\"isPartOf\":{\"@id\":\"https:\\\/\\\/www.ativ.pt\\\/es\\\/#website\"},\"datePublished\":\"2022-06-27T13:58:52+00:00\",\"dateModified\":\"2022-08-25T14:25:07+00:00\",\"breadcrumb\":{\"@id\":\"https:\\\/\\\/www.ativ.pt\\\/es\\\/politica-de-cookies\\\/#breadcrumb\"},\"inLanguage\":\"es\",\"potentialAction\":[{\"@type\":\"ReadAction\",\"target\":[\"https:\\\/\\\/www.ativ.pt\\\/es\\\/politica-de-cookies\\\/\"]}]},{\"@type\":\"BreadcrumbList\",\"@id\":\"https:\\\/\\\/www.ativ.pt\\\/es\\\/politica-de-cookies\\\/#breadcrumb\",\"itemListElement\":[{\"@type\":\"ListItem\",\"position\":1,\"name\":\"In\u00edcio\",\"item\":\"https:\\\/\\\/www.ativ.pt\\\/es\\\/\"},{\"@type\":\"ListItem\",\"position\":2,\"name\":\"Pol\u00edtica de Cookies\"}]},{\"@type\":\"WebSite\",\"@id\":\"https:\\\/\\\/www.ativ.pt\\\/es\\\/#website\",\"url\":\"https:\\\/\\\/www.ativ.pt\\\/es\\\/\",\"name\":\"Mota-Engil ATIV\",\"description\":\"Gest\u00e3o e Manuten\u00e7\u00e3o de Ativos\",\"publisher\":{\"@id\":\"https:\\\/\\\/www.ativ.pt\\\/es\\\/#organization\"},\"potentialAction\":[{\"@type\":\"SearchAction\",\"target\":{\"@type\":\"EntryPoint\",\"urlTemplate\":\"https:\\\/\\\/www.ativ.pt\\\/es\\\/?s={search_term_string}\"},\"query-input\":{\"@type\":\"PropertyValueSpecification\",\"valueRequired\":true,\"valueName\":\"search_term_string\"}}],\"inLanguage\":\"es\"},{\"@type\":\"Organization\",\"@id\":\"https:\\\/\\\/www.ativ.pt\\\/es\\\/#organization\",\"name\":\"Mota-Engil ATIV\",\"url\":\"https:\\\/\\\/www.ativ.pt\\\/es\\\/\",\"logo\":{\"@type\":\"ImageObject\",\"inLanguage\":\"es\",\"@id\":\"https:\\\/\\\/www.ativ.pt\\\/es\\\/#\\\/schema\\\/logo\\\/image\\\/\",\"url\":\"https:\\\/\\\/www.ativ.pt\\\/wp-content\\\/uploads\\\/2022\\\/04\\\/logo-ativ-cor-1.svg\",\"contentUrl\":\"https:\\\/\\\/www.ativ.pt\\\/wp-content\\\/uploads\\\/2022\\\/04\\\/logo-ativ-cor-1.svg\",\"width\":250,\"height\":100,\"caption\":\"Mota-Engil ATIV\"},\"image\":{\"@id\":\"https:\\\/\\\/www.ativ.pt\\\/es\\\/#\\\/schema\\\/logo\\\/image\\\/\"},\"sameAs\":[\"https:\\\/\\\/www.facebook.com\\\/MotaEngilATIV\\\/\",\"https:\\\/\\\/www.instagram.com\\\/mota_engil_ativ\\\/\",\"https:\\\/\\\/www.linkedin.com\\\/company\\\/motaengil-ativ\"]}]}<\/script>\n<!-- \/ Yoast SEO plugin. -->","yoast_head_json":{"title":"Pol\u00edtica de Cookies - Mota-Engil ATIV","robots":{"index":"index","follow":"follow","max-snippet":"max-snippet:-1","max-image-preview":"max-image-preview:large","max-video-preview":"max-video-preview:-1"},"canonical":"https:\/\/www.ativ.pt\/es\/politica-de-cookies\/","og_locale":"es_ES","og_type":"article","og_title":"Pol\u00edtica de Cookies - Mota-Engil ATIV","og_description":"In\u00edcio Como la mayor\u00eda de los grandes sitios web, para que nuestro sitio funcione correctamente, de forma puntual instalamos peque\u00f1os archivos llamados cookies en su ordenador o dispositivo m\u00f3vil. \u00bfQu\u00e9 son las cookies? Una cookie es un peque\u00f1o archivo de texto que un sitio web instala en su ordenador o dispositivo m\u00f3vil cuando lo visita. Estos archivos permiten que el sitio web \u00abrecuerde\u00bb sus acciones y preferencias durante un determinado per\u00edodo de tiempo, como su nombre de usuario, el idioma elegido, el tama\u00f1o de la letra y otros ajustes de visualizaci\u00f3n. Por eso, cuando usted recorre las p\u00e1ginas de un sitio o vuelve a un sitio que ya ha visitado, en principio no tiene que volver a introducir sus preferencias. \u00bfC\u00f3mo utilizamos las cookies? \u00bfPara qu\u00e9 sirven las cookies? Cookies estrictamente necesarias: permiten que los usuarios naveguen por el sitio y utilicen sus aplicaciones, as\u00ed como accedan a zonas seguras del sitio. Sin estas cookies no se pueden prestar los servicios que usted ha solicitado. Cookies anal\u00edticas: se utilizan para crear y analizar estad\u00edsticas con el fin de mejorar el funcionamiento de este sitio. Cookies de funcionalidad: almacenan sus preferencias de uso del sitio, para que no tenga que volver configurar el sitio cada vez que lo visite. Este sitio no utiliza targeting Cookies para promover publicidad dirigida a nuestros visitantes. C\u00f3mo controlar las cookies Usted puede controlar y\/o eliminar las cookies que desee. Para m\u00e1s informaci\u00f3n, consulte aboutcookies.org. Puede eliminar todas las cookies ya instaladas en su ordenador o dispositivo m\u00f3vil, o activar una opci\u00f3n disponible en la mayor\u00eda de los navegadores que impide su instalaci\u00f3n. Pero si lo hace, es posible que tenga que configurar manualmente algunas preferencias cada vez que visite el sitio y corre el riesgo de desactivar ciertos servicios y funciones.","og_url":"https:\/\/www.ativ.pt\/es\/politica-de-cookies\/","og_site_name":"Mota-Engil ATIV","article_publisher":"https:\/\/www.facebook.com\/MotaEngilATIV\/","article_modified_time":"2022-08-25T14:25:07+00:00","twitter_card":"summary_large_image","twitter_misc":{"Tiempo de lectura":"2 minutos"},"schema":{"@context":"https:\/\/schema.org","@graph":[{"@type":"WebPage","@id":"https:\/\/www.ativ.pt\/es\/politica-de-cookies\/","url":"https:\/\/www.ativ.pt\/es\/politica-de-cookies\/","name":"Pol\u00edtica de Cookies - Mota-Engil ATIV","isPartOf":{"@id":"https:\/\/www.ativ.pt\/es\/#website"},"datePublished":"2022-06-27T13:58:52+00:00","dateModified":"2022-08-25T14:25:07+00:00","breadcrumb":{"@id":"https:\/\/www.ativ.pt\/es\/politica-de-cookies\/#breadcrumb"},"inLanguage":"es","potentialAction":[{"@type":"ReadAction","target":["https:\/\/www.ativ.pt\/es\/politica-de-cookies\/"]}]},{"@type":"BreadcrumbList","@id":"https:\/\/www.ativ.pt\/es\/politica-de-cookies\/#breadcrumb","itemListElement":[{"@type":"ListItem","position":1,"name":"In\u00edcio","item":"https:\/\/www.ativ.pt\/es\/"},{"@type":"ListItem","position":2,"name":"Pol\u00edtica de Cookies"}]},{"@type":"WebSite","@id":"https:\/\/www.ativ.pt\/es\/#website","url":"https:\/\/www.ativ.pt\/es\/","name":"Mota-Engil ATIV","description":"Gest\u00e3o e Manuten\u00e7\u00e3o de Ativos","publisher":{"@id":"https:\/\/www.ativ.pt\/es\/#organization"},"potentialAction":[{"@type":"SearchAction","target":{"@type":"EntryPoint","urlTemplate":"https:\/\/www.ativ.pt\/es\/?s={search_term_string}"},"query-input":{"@type":"PropertyValueSpecification","valueRequired":true,"valueName":"search_term_string"}}],"inLanguage":"es"},{"@type":"Organization","@id":"https:\/\/www.ativ.pt\/es\/#organization","name":"Mota-Engil ATIV","url":"https:\/\/www.ativ.pt\/es\/","logo":{"@type":"ImageObject","inLanguage":"es","@id":"https:\/\/www.ativ.pt\/es\/#\/schema\/logo\/image\/","url":"https:\/\/www.ativ.pt\/wp-content\/uploads\/2022\/04\/logo-ativ-cor-1.svg","contentUrl":"https:\/\/www.ativ.pt\/wp-content\/uploads\/2022\/04\/logo-ativ-cor-1.svg","width":250,"height":100,"caption":"Mota-Engil ATIV"},"image":{"@id":"https:\/\/www.ativ.pt\/es\/#\/schema\/logo\/image\/"},"sameAs":["https:\/\/www.facebook.com\/MotaEngilATIV\/","https:\/\/www.instagram.com\/mota_engil_ativ\/","https:\/\/www.linkedin.com\/company\/motaengil-ativ"]}]}},"_links":{"self":[{"href":"https:\/\/www.ativ.pt\/es\/wp-json\/wp\/v2\/pages\/5299","targetHints":{"allow":["GET"]}}],"collection":[{"href":"https:\/\/www.ativ.pt\/es\/wp-json\/wp\/v2\/pages"}],"about":[{"href":"https:\/\/www.ativ.pt\/es\/wp-json\/wp\/v2\/types\/page"}],"author":[{"embeddable":true,"href":"https:\/\/www.ativ.pt\/es\/wp-json\/wp\/v2\/users\/1"}],"replies":[{"embeddable":true,"href":"https:\/\/www.ativ.pt\/es\/wp-json\/wp\/v2\/comments?post=5299"}],"version-history":[{"count":1,"href":"https:\/\/www.ativ.pt\/es\/wp-json\/wp\/v2\/pages\/5299\/revisions"}],"predecessor-version":[{"id":5300,"href":"https:\/\/www.ativ.pt\/es\/wp-json\/wp\/v2\/pages\/5299\/revisions\/5300"}],"wp:attachment":[{"href":"https:\/\/www.ativ.pt\/es\/wp-json\/wp\/v2\/media?parent=5299"}],"curies":[{"name":"wp","href":"https:\/\/api.w.org\/{rel}","templated":true}]}}